{"id":42,"date":"2019-12-18T11:18:10","date_gmt":"2019-12-18T11:18:10","guid":{"rendered":"http:\/\/www.fotonater.pl\/?page_id=42"},"modified":"2024-06-25T10:18:53","modified_gmt":"2024-06-25T09:18:53","slug":"albumy-fotograficzne","status":"publish","type":"page","link":"https:\/\/www.fotonater.pl\/index.php\/albumy-fotograficzne\/","title":{"rendered":"ALBUMY FOTOGRAFICZNE"},"content":{"rendered":"\n<p class=\"has-text-align-center has-background\" style=\"background-color:#f5de0f;font-size:24px\"><strong>W celu z\u0142o\u017cenia zam\u00f3wienia prosimy o kontakt<\/strong><br><strong>e-mail lub telefoniczny<\/strong>:<br>firma@fotonater.pl<br>tel: 13 469 67 01<\/p>\n\n\n\n<p><\/p>\n\n\n\n<div class=\"wp-block-media-text alignwide is-stacked-on-mobile\" style=\"grid-template-columns:38% auto\"><figure class=\"wp-block-media-text__media\"><img loading=\"lazy\" decoding=\"async\" width=\"440\" height=\"394\" src=\"http:\/\/www.fotonater.pl\/wp-content\/uploads\/2019\/12\/Lesko_2.jpg\" alt=\"\" class=\"wp-image-48 size-full\" srcset=\"https:\/\/www.fotonater.pl\/wp-content\/uploads\/2019\/12\/Lesko_2.jpg 440w, https:\/\/www.fotonater.pl\/wp-content\/uploads\/2019\/12\/Lesko_2-300x269.jpg 300w\" sizes=\"auto, (max-width: 440px) 100vw, 440px\" \/><\/figure><div class=\"wp-block-media-text__content\">\n<p class=\"has-normal-font-size\"> Cena: 160 PLN<\/p>\n<\/div><\/div>\n\n\n\n<div class=\"wp-block-media-text alignwide is-stacked-on-mobile\" style=\"grid-template-columns:38% auto\"><figure class=\"wp-block-media-text__media\"><img loading=\"lazy\" decoding=\"async\" width=\"300\" height=\"185\" src=\"http:\/\/www.fotonater.pl\/wp-content\/uploads\/2019\/12\/cerkiew.jpg\" alt=\"\" class=\"wp-image-131 size-full\"\/><\/figure><div class=\"wp-block-media-text__content\">\n<p class=\"has-normal-font-size\">90 PLN<\/p>\n<\/div><\/div>\n","protected":false},"excerpt":{"rendered":"<p>W celu z\u0142o\u017cenia zam\u00f3wienia prosimy o kontakte-mail lub telefoniczny:firma@fotonater.pltel: 13 469 67 01 Cena: 160 PLN 90 PLN<\/p>\n","protected":false},"author":1,"featured_media":0,"parent":0,"menu_order":0,"comment_status":"closed","ping_status":"closed","template":"","meta":{"ngg_post_thumbnail":0,"footnotes":""},"class_list":["post-42","page","type-page","status-publish","hentry"],"_links":{"self":[{"href":"https:\/\/www.fotonater.pl\/index.php\/wp-json\/wp\/v2\/pages\/42","targetHints":{"allow":["GET"]}}],"collection":[{"href":"https:\/\/www.fotonater.pl\/index.php\/wp-json\/wp\/v2\/pages"}],"about":[{"href":"https:\/\/www.fotonater.pl\/index.php\/wp-json\/wp\/v2\/types\/page"}],"author":[{"embeddable":true,"href":"https:\/\/www.fotonater.pl\/index.php\/wp-json\/wp\/v2\/users\/1"}],"replies":[{"embeddable":true,"href":"https:\/\/www.fotonater.pl\/index.php\/wp-json\/wp\/v2\/comments?post=42"}],"version-history":[{"count":16,"href":"https:\/\/www.fotonater.pl\/index.php\/wp-json\/wp\/v2\/pages\/42\/revisions"}],"predecessor-version":[{"id":311,"href":"https:\/\/www.fotonater.pl\/index.php\/wp-json\/wp\/v2\/pages\/42\/revisions\/311"}],"wp:attachment":[{"href":"https:\/\/www.fotonater.pl\/index.php\/wp-json\/wp\/v2\/media?parent=42"}],"curies":[{"name":"wp","href":"https:\/\/api.w.org\/{rel}","templated":true}]}}