{"id":184,"date":"2019-12-27T14:50:47","date_gmt":"2019-12-27T13:50:47","guid":{"rendered":"http:\/\/www.fotonater.pl\/?page_id=184"},"modified":"2024-12-09T10:04:21","modified_gmt":"2024-12-09T09:04:21","slug":"o-firmie","status":"publish","type":"page","link":"https:\/\/www.fotonater.pl\/","title":{"rendered":"O FIRMIE"},"content":{"rendered":"\n<div class=\"wp-block-image\"><figure class=\"aligncenter size-full is-resized\"><img loading=\"lazy\" decoding=\"async\" src=\"http:\/\/www.fotonater.pl\/wp-content\/uploads\/2022\/01\/xplansza-informacyjna-PFR-pion-srodkowa.png.pagespeed.ic_.xQvX1NCHJY.png\" alt=\"\" class=\"wp-image-236\" width=\"537\" height=\"476\"\/><\/figure><\/div>\n\n\n\n<hr class=\"wp-block-separator has-css-opacity is-style-default\"\/>\n\n\n\n<p>Zak\u0142ad szczyci si\u0119 wieloletni\u0105 tradycj\u0105 &#8211; zosta\u0142 za\u0142o\u017cony w <strong>1968<\/strong> r. przez Stanis\u0142awa Natera.<\/p>\n\n\n\n<p>Od pocz\u0105tku istnienia oferowa\u0142 swoim klientom najwy\u017cszej klasy us\u0142ugi, zawsze pos\u0142uguj\u0105c si\u0119 sprz\u0119tem aktualnie najlepszym<br>w bran\u017cy. W 1993 roku otrzymali\u015bmy autoryzacj\u0119 FUJIFILM Polska, kt\u00f3ra stanowi potwierdzenie jako\u015bci \u015bwiadczonych przez nas us\u0142ug.<\/p>\n\n\n\n<p>Wielkim wydarzeniem w historii zak\u0142adu by\u0142o przyznanie Stanis\u0142awowi Naterowi Z\u0142otego Medalu &#8222;Zas\u0142u\u017cony dla fotografii polskiej&#8221; w dow\u00f3d uznania za 60 lat dzia\u0142alno\u015bci na niwie fotografii.<\/p>\n\n\n\n<p>Jeste\u015bmy wydawcami album\u00f3w fotograficznych: &#8222;Nafta. Ludzie i fakty&#8221;, &#8222;Lesko&#8221;, &#8222;Solina&#8221;, &#8222;Cerkiew i jej misterium&#8221;, &#8222;Sanok&#8221; &#8222;Od \u0141ukasiewicza do Gie\u0142dy&#8221;, &#8222;Sanockie pokolenia nafty&#8221;, &#8222;Lesko, tamte lata, tamte dni&#8221;<\/p>\n\n\n\n<p>Oferujemy najwy\u017cszej jako\u015bci powi\u0119kszenia z wszystkich rodzaj\u00f3w no\u015bnik\u00f3w analogowych i cyfrowych, zdj\u0119cia do dokument\u00f3w, \u015blubne, komunijne, okoliczno\u015bciowe, fotografie obiekt\u00f3w, zdj\u0119cia do stron internetowych. Zdj\u0119cia wykonuje artysta fotografik, cz\u0142onek Fotoklubu Rzeczypospolitej Polskiej i Zwi\u0105zku Polskiego Artyst\u00f3w Fotografik\u00f3w. Posiadamy bardzo bogate archiwum fotograficzne flory i fauny bieszczadzkiej, g\u00f3r, miast a tak\u017ce zdj\u0119cia archiwalne np. z budowy zapory wodnej w Solinie.<\/p>\n\n\n\n<p>Pracujemy na profesjonalnym sprz\u0119cie a zdj\u0119cia wykonuje Artysta\nFotografik RP.<\/p>\n\n\n\n<hr class=\"wp-block-separator has-css-opacity aligncenter is-style-wide\"\/>\n\n\n\n<p><\/p>\n","protected":false},"excerpt":{"rendered":"<p>Zak\u0142ad szczyci si\u0119 wieloletni\u0105 tradycj\u0105 &#8211; zosta\u0142 za\u0142o\u017cony w 1968 r. przez Stanis\u0142awa Natera. Od pocz\u0105tku istnienia oferowa\u0142 swoim klientom najwy\u017cszej klasy us\u0142ugi, zawsze pos\u0142uguj\u0105c si\u0119 sprz\u0119tem aktualnie najlepszymw bran\u017cy. W 1993 roku otrzymali\u015bmy autoryzacj\u0119 FUJIFILM Polska, kt\u00f3ra stanowi potwierdzenie jako\u015bci \u015bwiadczonych przez nas us\u0142ug. Wielkim wydarzeniem w historii zak\u0142adu by\u0142o przyznanie Stanis\u0142awowi Naterowi Z\u0142otego [&hellip;]<\/p>\n","protected":false},"author":1,"featured_media":0,"parent":0,"menu_order":0,"comment_status":"closed","ping_status":"closed","template":"","meta":{"ngg_post_thumbnail":0,"footnotes":""},"class_list":["post-184","page","type-page","status-publish","hentry"],"_links":{"self":[{"href":"https:\/\/www.fotonater.pl\/index.php\/wp-json\/wp\/v2\/pages\/184","targetHints":{"allow":["GET"]}}],"collection":[{"href":"https:\/\/www.fotonater.pl\/index.php\/wp-json\/wp\/v2\/pages"}],"about":[{"href":"https:\/\/www.fotonater.pl\/index.php\/wp-json\/wp\/v2\/types\/page"}],"author":[{"embeddable":true,"href":"https:\/\/www.fotonater.pl\/index.php\/wp-json\/wp\/v2\/users\/1"}],"replies":[{"embeddable":true,"href":"https:\/\/www.fotonater.pl\/index.php\/wp-json\/wp\/v2\/comments?post=184"}],"version-history":[{"count":10,"href":"https:\/\/www.fotonater.pl\/index.php\/wp-json\/wp\/v2\/pages\/184\/revisions"}],"predecessor-version":[{"id":313,"href":"https:\/\/www.fotonater.pl\/index.php\/wp-json\/wp\/v2\/pages\/184\/revisions\/313"}],"wp:attachment":[{"href":"https:\/\/www.fotonater.pl\/index.php\/wp-json\/wp\/v2\/media?parent=184"}],"curies":[{"name":"wp","href":"https:\/\/api.w.org\/{rel}","templated":true}]}}